{"id":1942,"date":"2022-04-22T14:10:03","date_gmt":"2022-04-22T14:10:03","guid":{"rendered":"https:\/\/cancorps.ca\/news\/"},"modified":"2025-02-19T19:45:18","modified_gmt":"2025-02-19T19:45:18","slug":"news","status":"publish","type":"page","link":"https:\/\/cancorps.ca\/fr\/news\/","title":{"rendered":"Nouvelles et r\u00e9alisations"},"content":{"rendered":"\n<figure class=\"wp-block-table is-style-stripes\"><table><tbody><tr><td><strong>janvier 2025:<\/strong><\/td><td>Une publication:  The Canadian Experience With Magnetic Esophageal Anastomosis: A Report From the Canadian Consortium for Research in Pediatric Surgery Study (CanCORPS).\u00a0<br>Hall, A., Emil, S., Elhafid, M., Guadagno, E., Kattini, C., Keijzer, R., Klapman, S., Laberge, J. M., Livingston, M., Puligandla, P., Nasr, A., Snarr, P., Youssef, F., Zani, A., &amp; Canadian Consortium for Research in Pediatric Surgery (2025). <br><em>Journal of pediatric surgery<\/em>, 162150. Advance online publication. <a href=\"https:\/\/doi.org\/10.1016\/j.jpedsurg.2024.162150\">https:\/\/doi.org\/10.1016\/j.jpedsurg.2024.162150<\/a>  <br><a href=\"https:\/\/pubmed.ncbi.nlm.nih.gov\/39824744\/\">https:\/\/pubmed.ncbi.nlm.nih.gov\/39824744\/<\/a><\/td><\/tr><tr><td><strong>septembre 2024:<\/strong><\/td><td>Magnetic Esophageal Anastomosis: A study by the Canadian Consortium for Research in Pediatric Surgery (CanCORPS) pr\u00e9sent\u00e9e \u00e0 l&rsquo;<a href=\"https:\/\/aapexperience.org\/\" target=\"_blank\" rel=\"noreferrer noopener\">American Academy of Pediatrics<\/a>\u00a0(AAP).<\/td><\/tr><tr><td><strong><strong>juillet 2024:<\/strong><\/strong><\/td><td>F\u00e9licitation sur la <span style=\"font-size: inherit; font-family: inherit; font-weight: inherit; color: var(--contrast-2);\">r\u00e9sum\u00e9 <\/span>accept\u00e9  \u00e0 l&rsquo;<a href=\"https:\/\/aapexperience.org\/\" target=\"_blank\" rel=\"noreferrer noopener\">American Academy of Pediatrics<\/a>\u00a0(AAP) \u2013 Magnetic Esophageal Anastomosis: A study by the Canadian Consortium for Research in Pediatric Surgery (CanCORPS).<\/td><\/tr><tr><td><strong>juillet 2024:<\/strong><\/td><td>Merci \u00e0 Fouad Youssef, notre nouveau membre du comit\u00e9 directeur et \u00e0 Rob Baird et Sandeep Mayer pour leur renouvellement. Merci \u00e0 Sherif Emil et Pramod Puligandla pour leur incroyable contribution, leur temps et leur engagement en tant que membres du comit\u00e9 directeur depuis le d\u00e9but de CanCORPS.<\/td><\/tr><tr><td><strong>janvier 2024:<\/strong><\/td><td>Bienvenue \u00e0 Fouad Youssef, le nouveau directeur de site \u00e0 l&rsquo;H\u00f4pital pour enfants de Winnipeg. Merci \u00e0 Richard Keijzer pour son aide en tant que membre fondateur.<\/td><\/tr><tr><td><strong>juillet 2023:<\/strong><\/td><td>Nouveau president \u00e9lue \u2013 bienvenu Ahmed Nasr. Nouveaux membres du comit\u00e9 directeur accueillis.<br><em>Les membres actuels comprennent: Ahmed Nasr, Pramod Puligandla, Robert Baird, Andreana B\u00fctter, Sandeep Mayer, Sherif Emil (ex officio), Elena Guadagno (ex officio)<\/em><\/td><\/tr><tr><td><strong>juin<br>2023:<\/strong><\/td><td>Voir la nouvelle histoire de l&rsquo;IR-CUSM mettant en vedette le travail de&nbsp;Sherif Emil et ses coll\u00e8gues&nbsp;sur le site Web de l&rsquo;IR-CUSM &#8211; <a href=\"https:\/\/can01.safelinks.protection.outlook.com\/?url=https%3A%2F%2Frimuhc.ca%2Ffr%2F-%2Fune-nouvelle-etude-de-recherche-pourrait-reduire-le-nombre-dinterventions-chirurgicales-pratiquees-sur-des-bebes-de-sexe-feminin&amp;data=05%7C01%7CElena.Guadagno%40MUHC.MCGILL.CA%7Caf46ffb51e3b4e12275308db62f2cdd8%7C06e1fe285f8b4075bf6cae24be1a7992%7C0%7C0%7C638212567206438230%7CUnknown%7CTWFpbGZsb3d8eyJWIjoiMC4wLjAwMDAiLCJQIjoiV2luMzIiLCJBTiI6Ik1haWwiLCJXVCI6Mn0%3D%7C3000%7C%7C%7C&amp;sdata=MDYQwWetReurkRBSj%2FSnhYrabdNIpwSC2ewnZHJep%2Bo%3D&amp;reserved=0\">https:\/\/rimuhc.ca\/fr\/-\/une-nouvelle-etude-de-recherche-pourrait-reduire-le-nombre-dinterventions-chirurgicales-pratiquees-sur-des-bebes-de-sexe-feminin<\/a><a href=\"https:\/\/rimuhc.ca\/fr\/-\/une-nouvelle-etude-de-recherche-pourrait-reduire-le-nombre-dinterventions-chirurgicales-pratiquees-sur-des-bebes-de-sexe-feminin\">.<\/a><\/td><\/tr><tr><td><strong>septembre 2022:<\/strong><\/td><td><p id=\"tw-target-text\" class=\"tw-data-text tw-text-large tw-ta\" dir=\"ltr\" data-placeholder=\"Translation\"><span class=\"Y2IQFc\" lang=\"fr\">Une publication qui raconte notre histoire et vous donnera un aper\u00e7u de la constitution d&rsquo;un consortium.&nbsp;<\/span>The Canadian Consortium for Research in Pediatric Surgery: A Roadmap for Creation and Implementation of a National Subspecialty Research Consortium. <a href=\"https:\/\/pubmed.ncbi.nlm.nih.gov\/36102499\/\">https:\/\/pubmed.ncbi.nlm.nih.gov\/36102499\/<\/a>.<\/p><\/td><\/tr><tr><td><p id=\"tw-target-text\" class=\"tw-data-text tw-text-large tw-ta\" dir=\"ltr\" data-placeholder=\"Translation\"><strong><span class=\"Y2IQFc\" lang=\"fr\">ao\u00fbt&nbsp;<\/span><\/strong><strong>2022:<\/strong><\/p><\/td><td>\u00ab\u00a0Treatment and Outcomes of Ovarian Cysts\u00a0\u00bb &#8211; pr\u00e9sent\u00e9e comme r\u00e9sum\u00e9 dans le \u00ab\u00a0American Pediatric Surgical Association (APSA) Spaced Learning program\u00a0\u00bb quizz hebdomadaire.<\/td><\/tr><tr><td><strong>juin 2022:<\/strong><\/td><td><a href=\"https:\/\/www.caps.ca\/\">CAPS &nbsp;<\/a><span class=\"Y2IQFc\" lang=\"fr\">concours de recherche d\u00e9cern\u00e9 pour l&rsquo;\u00e9tude <\/span>\u00ab\u00a0Prospective National Validation of a Risk Stratification System for Resource Utilization and Outcomes of Pediatric Perforated Appendicitis\u00a0\u00bb.<\/td><\/tr><tr><td><strong>mai 2022:<\/strong><\/td><td><p id=\"tw-target-text\" class=\"tw-data-text tw-text-large tw-ta\" dir=\"ltr\" data-placeholder=\"Translation\"><span class=\"Y2IQFc\" lang=\"fr\">Prochaines publications de CanCORPS li\u00e9es aux kystes ovariens f\u0153taux&nbsp;<\/span>&#8211; Differentiating congenital ovarian cysts from other abdominal cystic lesions in female infants: A study by the Canadian Consortium for Research in Pediatric Surgery (CanCORPS). <a href=\"https:\/\/pubmed.ncbi.nlm.nih.gov\/35090716\/\">https:\/\/pubmed.ncbi.nlm.nih.gov\/35090716\/<\/a>.<\/p><\/td><\/tr><tr><td><strong>f\u00e9vrier 2022:<\/strong><\/td><td><p id=\"tw-target-text\" class=\"tw-data-text tw-text-large tw-ta\" dir=\"ltr\" data-placeholder=\"Translation\"><span class=\"Y2IQFc\" lang=\"fr\">Premi\u00e8res publications de CanCORPS li\u00e9es aux kystes ovariens f\u0153taux <\/span>&#8211;&nbsp; Treatment and Outcomes of Congenital Ovarian Cysts: A Study by the Canadian Consortium for Research in Pediatric Surgery (CanCORPS). <a href=\"https:\/\/pubmed.ncbi.nlm.nih.gov\/35166261\/\">https:\/\/pubmed.ncbi.nlm.nih.gov\/35166261\/<\/a>.<\/p><\/td><\/tr><tr><td><strong>d\u00e9cembre 2021:<\/strong><\/td><td><p id=\"tw-target-text\" class=\"tw-data-text tw-text-large tw-ta\" dir=\"ltr\" data-placeholder=\"Translation\"><span class=\"Y2IQFc\" lang=\"fr\">CanCORPS est maintenant un r\u00e9seau affili\u00e9 de&nbsp;<\/span><a href=\"https:\/\/www.micyrn.ca\/networks\">Maternal Infant Child and Youth Research Network (MICYRN)<\/a><strong>.<\/strong><\/p><\/td><\/tr><tr><td><strong>mai 2021:<\/strong><\/td><td><p id=\"tw-target-text\" class=\"tw-data-text tw-text-large tw-ta\" dir=\"ltr\" data-placeholder=\"Translation\"><span class=\"Y2IQFc\" lang=\"fr\">Le premier r\u00e9sum\u00e9 du CORPSCan a \u00e9t\u00e9 accept\u00e9 moins de deux ans apr\u00e8s la r\u00e9union inaugurale. Il sera pr\u00e9sent\u00e9 lors de la session pl\u00e9ni\u00e8re de l&rsquo;American Pediatric Surgical Association (APSA) <\/span><a href=\"https:\/\/apsapedsurg.org\/continuing-education\/events\/annual-meeting\/\">2021 r\u00e9union annuelle<\/a>. <span class=\"Y2IQFc\" lang=\"fr\">Rejoignez la r\u00e9union pour en savoir plus sur l&rsquo;\u00e9tude <\/span><span style=\"font-size: inherit;\">\u201cTreatment and outcomes of prenatally identified ovarian cysts.\u201d&nbsp;<\/span><span class=\"Y2IQFc\" lang=\"fr\">F\u00e9licitations \u00e0 l&rsquo;\u00e9quipe!<\/span><\/p><\/td><\/tr><tr><td><strong>f\u00e9vrier 2020:<\/strong><\/td><td>Une \u00e9tape incroyable a \u00e9t\u00e9 franchie lorsque l&rsquo;entente de consortium CanCORPS a \u00e9t\u00e9 enti\u00e8rement ex\u00e9cut\u00e9e. Les chercheurs et les \u00e9quipes juridiques de nos 15 membres institutionnels ont sign\u00e9 l&rsquo;accord de consortium CanCORPS, d\u00e9finissant la composition, la gouvernance, le leadership et la propri\u00e9t\u00e9 intellectuelle de l&rsquo;organisation. Un mod\u00e8le d&rsquo;accord a \u00e9galement \u00e9t\u00e9 cr\u00e9\u00e9 pour acc\u00e9l\u00e9rer le partage des donn\u00e9es entre les sites participants.<\/td><\/tr><tr><td><strong>juillet 2018:<\/strong><\/td><td>La r\u00e9union inaugurale des membres fondateurs du CanCORPS s&rsquo;est tenue \u00e0 Calgary, en Alberta.<\/td><\/tr><\/tbody><\/table><\/figure>\n","protected":false},"excerpt":{"rendered":"<p>janvier 2025: Une publication: The Canadian Experience With Magnetic Esophageal Anastomosis: A Report From the Canadian Consortium for Research in Pediatric Surgery Study (CanCORPS).\u00a0Hall, A., Emil, S., Elhafid, M., Guadagno, E., Kattini, C., Keijzer, R., Klapman, S., Laberge, J. M., Livingston, M., Puligandla, P., Nasr, A., Snarr, P., Youssef, F., Zani, A., &amp; Canadian Consortium &#8230; <a title=\"Nouvelles et r\u00e9alisations\" class=\"read-more\" href=\"https:\/\/cancorps.ca\/fr\/news\/\" aria-label=\"Plus sur Nouvelles et r\u00e9alisations\">Lire plus<\/a><\/p>\n","protected":false},"author":2,"featured_media":1890,"parent":0,"menu_order":0,"comment_status":"closed","ping_status":"closed","template":"","meta":{"footnotes":""},"class_list":["post-1942","page","type-page","status-publish","has-post-thumbnail"],"yoast_head":"<!-- This site is optimized with the Yoast SEO plugin v27.4 - https:\/\/yoast.com\/product\/yoast-seo-wordpress\/ -->\n<title>Nouvelles et r\u00e9alisations - CanCORPS<\/title>\n<meta name=\"robots\" content=\"index, follow, max-snippet:-1, max-image-preview:large, max-video-preview:-1\" \/>\n<link rel=\"canonical\" href=\"https:\/\/cancorps.ca\/fr\/news\/\" \/>\n<meta property=\"og:locale\" content=\"fr_FR\" \/>\n<meta property=\"og:type\" content=\"article\" \/>\n<meta property=\"og:title\" content=\"Nouvelles et r\u00e9alisations - CanCORPS\" \/>\n<meta property=\"og:description\" content=\"janvier 2025: Une publication: The Canadian Experience With Magnetic Esophageal Anastomosis: A Report From the Canadian Consortium for Research in Pediatric Surgery Study (CanCORPS).\u00a0Hall, A., Emil, S., Elhafid, M., Guadagno, E., Kattini, C., Keijzer, R., Klapman, S., Laberge, J. M., Livingston, M., Puligandla, P., Nasr, A., Snarr, P., Youssef, F., Zani, A., &amp; Canadian Consortium ... Lire plus\" \/>\n<meta property=\"og:url\" content=\"https:\/\/cancorps.ca\/fr\/news\/\" \/>\n<meta property=\"og:site_name\" content=\"CanCORPS\" \/>\n<meta property=\"article:modified_time\" content=\"2025-02-19T19:45:18+00:00\" \/>\n<meta property=\"og:image\" content=\"https:\/\/cancorps.ca\/wp-content\/uploads\/2022\/06\/1915668.jpeg\" \/>\n\t<meta property=\"og:image:width\" content=\"1200\" \/>\n\t<meta property=\"og:image:height\" content=\"800\" \/>\n\t<meta property=\"og:image:type\" content=\"image\/jpeg\" \/>\n<meta name=\"twitter:card\" content=\"summary_large_image\" \/>\n<meta name=\"twitter:label1\" content=\"Dur\u00e9e de lecture estim\u00e9e\" \/>\n\t<meta name=\"twitter:data1\" content=\"3 minutes\" \/>\n<script type=\"application\/ld+json\" class=\"yoast-schema-graph\">{\"@context\":\"https:\\\/\\\/schema.org\",\"@graph\":[{\"@type\":\"WebPage\",\"@id\":\"https:\\\/\\\/cancorps.ca\\\/fr\\\/news\\\/\",\"url\":\"https:\\\/\\\/cancorps.ca\\\/fr\\\/news\\\/\",\"name\":\"Nouvelles et r\u00e9alisations - CanCORPS\",\"isPartOf\":{\"@id\":\"https:\\\/\\\/cancorps.ca\\\/fr\\\/#website\"},\"primaryImageOfPage\":{\"@id\":\"https:\\\/\\\/cancorps.ca\\\/fr\\\/news\\\/#primaryimage\"},\"image\":{\"@id\":\"https:\\\/\\\/cancorps.ca\\\/fr\\\/news\\\/#primaryimage\"},\"thumbnailUrl\":\"https:\\\/\\\/cancorps.ca\\\/wp-content\\\/uploads\\\/2022\\\/06\\\/1915668.jpeg\",\"datePublished\":\"2022-04-22T14:10:03+00:00\",\"dateModified\":\"2025-02-19T19:45:18+00:00\",\"breadcrumb\":{\"@id\":\"https:\\\/\\\/cancorps.ca\\\/fr\\\/news\\\/#breadcrumb\"},\"inLanguage\":\"fr-FR\",\"potentialAction\":[{\"@type\":\"ReadAction\",\"target\":[\"https:\\\/\\\/cancorps.ca\\\/fr\\\/news\\\/\"]}]},{\"@type\":\"ImageObject\",\"inLanguage\":\"fr-FR\",\"@id\":\"https:\\\/\\\/cancorps.ca\\\/fr\\\/news\\\/#primaryimage\",\"url\":\"https:\\\/\\\/cancorps.ca\\\/wp-content\\\/uploads\\\/2022\\\/06\\\/1915668.jpeg\",\"contentUrl\":\"https:\\\/\\\/cancorps.ca\\\/wp-content\\\/uploads\\\/2022\\\/06\\\/1915668.jpeg\",\"width\":1200,\"height\":800,\"caption\":\"An informal gathering of mixed race business people in a reception area of a convention center.\"},{\"@type\":\"BreadcrumbList\",\"@id\":\"https:\\\/\\\/cancorps.ca\\\/fr\\\/news\\\/#breadcrumb\",\"itemListElement\":[{\"@type\":\"ListItem\",\"position\":1,\"name\":\"Home\",\"item\":\"https:\\\/\\\/cancorps.ca\\\/fr\\\/\"},{\"@type\":\"ListItem\",\"position\":2,\"name\":\"Nouvelles et r\u00e9alisations\"}]},{\"@type\":\"WebSite\",\"@id\":\"https:\\\/\\\/cancorps.ca\\\/fr\\\/#website\",\"url\":\"https:\\\/\\\/cancorps.ca\\\/fr\\\/\",\"name\":\"CanCORPS\",\"description\":\"\",\"publisher\":{\"@id\":\"https:\\\/\\\/cancorps.ca\\\/fr\\\/#organization\"},\"potentialAction\":[{\"@type\":\"SearchAction\",\"target\":{\"@type\":\"EntryPoint\",\"urlTemplate\":\"https:\\\/\\\/cancorps.ca\\\/fr\\\/?s={search_term_string}\"},\"query-input\":{\"@type\":\"PropertyValueSpecification\",\"valueRequired\":true,\"valueName\":\"search_term_string\"}}],\"inLanguage\":\"fr-FR\"},{\"@type\":\"Organization\",\"@id\":\"https:\\\/\\\/cancorps.ca\\\/fr\\\/#organization\",\"name\":\"CanCORPS\",\"url\":\"https:\\\/\\\/cancorps.ca\\\/fr\\\/\",\"logo\":{\"@type\":\"ImageObject\",\"inLanguage\":\"fr-FR\",\"@id\":\"https:\\\/\\\/cancorps.ca\\\/fr\\\/#\\\/schema\\\/logo\\\/image\\\/\",\"url\":\"https:\\\/\\\/cancorps.ca\\\/wp-content\\\/uploads\\\/2022\\\/04\\\/logo-cancorps.png\",\"contentUrl\":\"https:\\\/\\\/cancorps.ca\\\/wp-content\\\/uploads\\\/2022\\\/04\\\/logo-cancorps.png\",\"width\":500,\"height\":521,\"caption\":\"CanCORPS\"},\"image\":{\"@id\":\"https:\\\/\\\/cancorps.ca\\\/fr\\\/#\\\/schema\\\/logo\\\/image\\\/\"}}]}<\/script>\n<!-- \/ Yoast SEO plugin. -->","yoast_head_json":{"title":"Nouvelles et r\u00e9alisations - CanCORPS","robots":{"index":"index","follow":"follow","max-snippet":"max-snippet:-1","max-image-preview":"max-image-preview:large","max-video-preview":"max-video-preview:-1"},"canonical":"https:\/\/cancorps.ca\/fr\/news\/","og_locale":"fr_FR","og_type":"article","og_title":"Nouvelles et r\u00e9alisations - CanCORPS","og_description":"janvier 2025: Une publication: The Canadian Experience With Magnetic Esophageal Anastomosis: A Report From the Canadian Consortium for Research in Pediatric Surgery Study (CanCORPS).\u00a0Hall, A., Emil, S., Elhafid, M., Guadagno, E., Kattini, C., Keijzer, R., Klapman, S., Laberge, J. M., Livingston, M., Puligandla, P., Nasr, A., Snarr, P., Youssef, F., Zani, A., &amp; Canadian Consortium ... Lire plus","og_url":"https:\/\/cancorps.ca\/fr\/news\/","og_site_name":"CanCORPS","article_modified_time":"2025-02-19T19:45:18+00:00","og_image":[{"width":1200,"height":800,"url":"https:\/\/cancorps.ca\/wp-content\/uploads\/2022\/06\/1915668.jpeg","type":"image\/jpeg"}],"twitter_card":"summary_large_image","twitter_misc":{"Dur\u00e9e de lecture estim\u00e9e":"3 minutes"},"schema":{"@context":"https:\/\/schema.org","@graph":[{"@type":"WebPage","@id":"https:\/\/cancorps.ca\/fr\/news\/","url":"https:\/\/cancorps.ca\/fr\/news\/","name":"Nouvelles et r\u00e9alisations - CanCORPS","isPartOf":{"@id":"https:\/\/cancorps.ca\/fr\/#website"},"primaryImageOfPage":{"@id":"https:\/\/cancorps.ca\/fr\/news\/#primaryimage"},"image":{"@id":"https:\/\/cancorps.ca\/fr\/news\/#primaryimage"},"thumbnailUrl":"https:\/\/cancorps.ca\/wp-content\/uploads\/2022\/06\/1915668.jpeg","datePublished":"2022-04-22T14:10:03+00:00","dateModified":"2025-02-19T19:45:18+00:00","breadcrumb":{"@id":"https:\/\/cancorps.ca\/fr\/news\/#breadcrumb"},"inLanguage":"fr-FR","potentialAction":[{"@type":"ReadAction","target":["https:\/\/cancorps.ca\/fr\/news\/"]}]},{"@type":"ImageObject","inLanguage":"fr-FR","@id":"https:\/\/cancorps.ca\/fr\/news\/#primaryimage","url":"https:\/\/cancorps.ca\/wp-content\/uploads\/2022\/06\/1915668.jpeg","contentUrl":"https:\/\/cancorps.ca\/wp-content\/uploads\/2022\/06\/1915668.jpeg","width":1200,"height":800,"caption":"An informal gathering of mixed race business people in a reception area of a convention center."},{"@type":"BreadcrumbList","@id":"https:\/\/cancorps.ca\/fr\/news\/#breadcrumb","itemListElement":[{"@type":"ListItem","position":1,"name":"Home","item":"https:\/\/cancorps.ca\/fr\/"},{"@type":"ListItem","position":2,"name":"Nouvelles et r\u00e9alisations"}]},{"@type":"WebSite","@id":"https:\/\/cancorps.ca\/fr\/#website","url":"https:\/\/cancorps.ca\/fr\/","name":"CanCORPS","description":"","publisher":{"@id":"https:\/\/cancorps.ca\/fr\/#organization"},"potentialAction":[{"@type":"SearchAction","target":{"@type":"EntryPoint","urlTemplate":"https:\/\/cancorps.ca\/fr\/?s={search_term_string}"},"query-input":{"@type":"PropertyValueSpecification","valueRequired":true,"valueName":"search_term_string"}}],"inLanguage":"fr-FR"},{"@type":"Organization","@id":"https:\/\/cancorps.ca\/fr\/#organization","name":"CanCORPS","url":"https:\/\/cancorps.ca\/fr\/","logo":{"@type":"ImageObject","inLanguage":"fr-FR","@id":"https:\/\/cancorps.ca\/fr\/#\/schema\/logo\/image\/","url":"https:\/\/cancorps.ca\/wp-content\/uploads\/2022\/04\/logo-cancorps.png","contentUrl":"https:\/\/cancorps.ca\/wp-content\/uploads\/2022\/04\/logo-cancorps.png","width":500,"height":521,"caption":"CanCORPS"},"image":{"@id":"https:\/\/cancorps.ca\/fr\/#\/schema\/logo\/image\/"}}]}},"_links":{"self":[{"href":"https:\/\/cancorps.ca\/fr\/wp-json\/wp\/v2\/pages\/1942","targetHints":{"allow":["GET"]}}],"collection":[{"href":"https:\/\/cancorps.ca\/fr\/wp-json\/wp\/v2\/pages"}],"about":[{"href":"https:\/\/cancorps.ca\/fr\/wp-json\/wp\/v2\/types\/page"}],"author":[{"embeddable":true,"href":"https:\/\/cancorps.ca\/fr\/wp-json\/wp\/v2\/users\/2"}],"replies":[{"embeddable":true,"href":"https:\/\/cancorps.ca\/fr\/wp-json\/wp\/v2\/comments?post=1942"}],"version-history":[{"count":8,"href":"https:\/\/cancorps.ca\/fr\/wp-json\/wp\/v2\/pages\/1942\/revisions"}],"predecessor-version":[{"id":2279,"href":"https:\/\/cancorps.ca\/fr\/wp-json\/wp\/v2\/pages\/1942\/revisions\/2279"}],"wp:featuredmedia":[{"embeddable":true,"href":"https:\/\/cancorps.ca\/fr\/wp-json\/wp\/v2\/media\/1890"}],"wp:attachment":[{"href":"https:\/\/cancorps.ca\/fr\/wp-json\/wp\/v2\/media?parent=1942"}],"curies":[{"name":"wp","href":"https:\/\/api.w.org\/{rel}","templated":true}]}}