{"id":1985,"date":"2023-03-16T15:44:37","date_gmt":"2023-03-16T15:44:37","guid":{"rendered":"https:\/\/cancorps.ca\/au-sujet-de-nous\/"},"modified":"2023-09-06T18:47:52","modified_gmt":"2023-09-06T18:47:52","slug":"au-sujet-de-nous","status":"publish","type":"page","link":"https:\/\/cancorps.ca\/fr\/au-sujet-de-nous\/","title":{"rendered":"Au sujet de nous"},"content":{"rendered":"<div class=\"gb-container gb-container-57f7b87d\"><div class=\"gb-inside-container\">\n<div class=\"gb-grid-wrapper gb-grid-wrapper-0bcd5862\">\n<div class=\"gb-grid-column gb-grid-column-a165696b\"><div class=\"gb-container gb-container-a165696b\"><div class=\"gb-inside-container\">\n\n<p class=\"gb-headline gb-headline-12c9d364 gb-headline-text\">Au sujet du CanCORPS<\/p>\n\n\n\n<h2>Le consortium canadien pour la recherche en chirurgie p\u00e9diatrique<\/h2>\n\n\n\n<p>CanCORPS, le consortium canadien pour la recherche en chirurgie p\u00e9diatrique, est un consortium dont l\u2019objectif est d\u2019am\u00e9liorer les soins chirurgicaux p\u00e9diatriques gr\u00e2ce \u00e0 la recherche collaborative de haute qualit\u00e9. CanCORPS vise \u00e0 hausser la qualit\u00e9 de la recherche chirurgicale p\u00e9diatrique de qualit\u00e9 en appliquant les plus hautes normes de recherche scientifique et \u00e9thique. Le consortium inclut les 16 services chirurgicaux p\u00e9diatriques majeurs du Canada.<\/p>\n\n\n\n<p><\/p>\n\n\n\n<h2 class=\"wp-block-heading\">Mission et objectifs scientifiques<\/h2>\n\n\n\n<p>La mission de CanCORPS est d\u2019am\u00e9liorer les soins chirurgicaux p\u00e9diatriques.&#13;\n<\/p>\n\n\n\n<p>Nos objectifs scientifiques sont: <\/p>\n\n\n\n<ul class=\"wp-block-list\">\n<li>Fournir une plateforme favorisant la recherche collaborative et multi-institutionnelle ax\u00e9e sur les effets sur les patients;<\/li>\n\n\n\n<li>Am\u00e9liorer l\u2019efficacit\u00e9 des examens scientifiques et \u00e9thiques en rationalisant les protocoles de recherche;<\/li>\n\n\n\n<li>Conserver le plus haut degr\u00e9 d\u2019int\u00e9grit\u00e9 scientifique et \u00e9thique dans les initiatives de recherche;<\/li>\n\n\n\n<li>Promouvoir le transfert de nouvelles connaissances dans la pratique chirurgicale p\u00e9diatrique et dans les politiques de soins de sant\u00e9.<\/li>\n<\/ul>\n\n\n\n<p>L\u2019objectif de CanCORPS est d\u2019am\u00e9liorer les soins chirurgicaux p\u00e9diatriques gr\u00e2ce \u00e0 la recherche scientifique et \u00e9thique.<\/p>\n\n\n\n<hr class=\"wp-block-separator has-alpha-channel-opacity\"\/>\n\n<\/div><\/div><\/div>\n\n<div class=\"gb-grid-column gb-grid-column-5881831a\"><div class=\"gb-container gb-container-5881831a\"><div class=\"gb-inside-container\">\n<div class=\"gb-grid-wrapper gb-grid-wrapper-e6bb0b80\">\n<div class=\"gb-grid-column gb-grid-column-589a72f3\"><div class=\"gb-container gb-container-589a72f3\"><div class=\"gb-inside-container\"><\/div><\/div><\/div>\n\n<div class=\"gb-grid-column gb-grid-column-2affe7d5\"><div class=\"gb-container gb-container-2affe7d5\"><div class=\"gb-inside-container\"><\/div><\/div><\/div>\n\n<div class=\"gb-grid-column gb-grid-column-509cefbf\"><div class=\"gb-container gb-container-509cefbf\"><div class=\"gb-inside-container\"><\/div><\/div><\/div>\n<\/div>\n\n\n<figure class=\"wp-block-pullquote has-small-font-size\" style=\"font-style:italic;font-weight:100\"><blockquote><p><p class=\"tw-data-text tw-text-large tw-ta\" dir=\"ltr\" data-placeholder=\"Translation\"><em><span class=\"Y2IQFc\" lang=\"fr\">Nous tenons \u00e0 souligner le soutien financier de&#13;\nla Fondation Mirella et Lino Saputo,&#13;\n<\/span>Chaire Fondation Mirella et Lino Saputo\u00a0<\/em><em>en enseignement de chirurgie p\u00e9diatrique et <\/em><em style=\"font-size: inherit;\">des soins centr\u00e9s sur les patients et les familles<span class=\"Y2IQFc\" lang=\"fr\">,\u00a0<\/span><\/em><em><span class=\"Y2IQFc\" lang=\"fr\">D\u00e9partement de chirurgie p\u00e9diatrique,\u00a0<\/span><\/em><em><span class=\"Y2IQFc\" lang=\"fr\">Facult\u00e9 de m\u00e9decine de l&rsquo;Universit\u00e9 McGill.<\/span><\/em><\/p><\/p><\/blockquote><\/figure>\n\n<\/div><\/div><\/div>\n<\/div>\n<\/div><\/div><div class=\"gb-container gb-container-9c323e47\"><div class=\"gb-inside-container\">\n\n<h5 class=\"gb-headline gb-headline-84d7d5eb gb-headline-text\">Pourquoi nous choisir<\/h5>\n\n\n\n<h2 class=\"gb-headline gb-headline-7999f772 gb-headline-text\">innovation\u00a0constante<\/h2>\n\n\n\n<h2 class=\"gb-headline gb-headline-8779dfe4\"><\/h2>\n\n\n<div class=\"gb-grid-wrapper gb-grid-wrapper-55eb66ba\">\n<div class=\"gb-grid-column gb-grid-column-d827892f\"><div class=\"gb-container gb-container-d827892f\"><div class=\"gb-inside-container\">\n\n<h4 class=\"gb-headline gb-headline-c5e0aa13\"><span class=\"gb-headline-text\">Notre mission<\/span><\/h4>\n\n<\/div><\/div><\/div>\n\n<div class=\"gb-grid-column gb-grid-column-69e72471\"><div class=\"gb-container gb-container-69e72471\"><div class=\"gb-inside-container\">\n\n<p class=\"gb-headline gb-headline-a1904f02 gb-headline-text\">La mission de CanCORPS est d&rsquo;am\u00e9liorer les soins chirurgicaux p\u00e9diatriques <span class=\"Y2IQFc\" lang=\"fr\">gr\u00e2ce \u00e0<\/span> une recherche collaborative de haute qualit\u00e9.<\/p>\n\n<\/div><\/div><\/div>\n\n<div class=\"gb-grid-column gb-grid-column-4348e41f\"><div class=\"gb-container gb-container-4348e41f\"><div class=\"gb-inside-container\">\n\n<h4 class=\"gb-headline gb-headline-2b839378\"><span class=\"gb-headline-text\">Notre Vision<\/span><\/h4>\n\n<\/div><\/div><\/div>\n\n<div class=\"gb-grid-column gb-grid-column-76152e9a\"><div class=\"gb-container gb-container-76152e9a\"><div class=\"gb-inside-container\">\n\n<p class=\"gb-headline gb-headline-bdd004d3 gb-headline-text\">De meilleurs soins chirurgicaux pour les enfants partout au Canada.<\/p>\n\n<\/div><\/div><\/div>\n\n<div class=\"gb-grid-column gb-grid-column-c025cceb\"><div class=\"gb-container gb-container-c025cceb\"><div class=\"gb-inside-container\">\n\n<h4 class=\"gb-headline gb-headline-54d3b7b4\"><span class=\"gb-headline-text\">Notre m\u00e9thodes<\/span><\/h4>\n\n<\/div><\/div><\/div>\n\n<div class=\"gb-grid-column gb-grid-column-a9c2da7f\"><div class=\"gb-container gb-container-a9c2da7f\"><div class=\"gb-inside-container\">\n\n<p class=\"gb-headline gb-headline-dd6bbd15 gb-headline-text\">Recherche collaborative et multi-institutionelle.<\/p>\n\n<\/div><\/div><\/div>\n<\/div>\n<\/div><\/div><div class=\"gb-container gb-container-48ecba5a\"><div class=\"gb-inside-container\"><\/div><\/div>","protected":false},"excerpt":{"rendered":"<p>Pourquoi nous choisir innovation\u00a0constante<\/p>\n","protected":false},"author":1,"featured_media":1893,"parent":0,"menu_order":0,"comment_status":"closed","ping_status":"closed","template":"","meta":{"footnotes":""},"class_list":["post-1985","page","type-page","status-publish","has-post-thumbnail"],"yoast_head":"<!-- This site is optimized with the Yoast SEO plugin v27.4 - https:\/\/yoast.com\/product\/yoast-seo-wordpress\/ -->\n<title>Au sujet de nous - CanCORPS<\/title>\n<meta name=\"robots\" content=\"index, follow, max-snippet:-1, max-image-preview:large, max-video-preview:-1\" \/>\n<link rel=\"canonical\" href=\"https:\/\/cancorps.ca\/fr\/au-sujet-de-nous\/\" \/>\n<meta property=\"og:locale\" content=\"fr_FR\" \/>\n<meta property=\"og:type\" content=\"article\" \/>\n<meta property=\"og:title\" content=\"Au sujet de nous - CanCORPS\" \/>\n<meta property=\"og:description\" content=\"Pourquoi nous choisir innovation\u00a0constante\" \/>\n<meta property=\"og:url\" content=\"https:\/\/cancorps.ca\/fr\/au-sujet-de-nous\/\" \/>\n<meta property=\"og:site_name\" content=\"CanCORPS\" \/>\n<meta property=\"article:modified_time\" content=\"2023-09-06T18:47:52+00:00\" \/>\n<meta property=\"og:image\" content=\"https:\/\/cancorps.ca\/wp-content\/uploads\/2022\/06\/EON0909.jpg\" \/>\n\t<meta property=\"og:image:width\" content=\"2000\" \/>\n\t<meta property=\"og:image:height\" content=\"1335\" \/>\n\t<meta property=\"og:image:type\" content=\"image\/jpeg\" \/>\n<meta name=\"twitter:card\" content=\"summary_large_image\" \/>\n<meta name=\"twitter:label1\" content=\"Dur\u00e9e de lecture estim\u00e9e\" \/>\n\t<meta name=\"twitter:data1\" content=\"1 minute\" \/>\n<script type=\"application\/ld+json\" class=\"yoast-schema-graph\">{\"@context\":\"https:\\\/\\\/schema.org\",\"@graph\":[{\"@type\":\"WebPage\",\"@id\":\"https:\\\/\\\/cancorps.ca\\\/fr\\\/au-sujet-de-nous\\\/\",\"url\":\"https:\\\/\\\/cancorps.ca\\\/fr\\\/au-sujet-de-nous\\\/\",\"name\":\"Au sujet de nous - CanCORPS\",\"isPartOf\":{\"@id\":\"https:\\\/\\\/cancorps.ca\\\/fr\\\/#website\"},\"primaryImageOfPage\":{\"@id\":\"https:\\\/\\\/cancorps.ca\\\/fr\\\/au-sujet-de-nous\\\/#primaryimage\"},\"image\":{\"@id\":\"https:\\\/\\\/cancorps.ca\\\/fr\\\/au-sujet-de-nous\\\/#primaryimage\"},\"thumbnailUrl\":\"https:\\\/\\\/cancorps.ca\\\/wp-content\\\/uploads\\\/2022\\\/06\\\/EON0909.jpg\",\"datePublished\":\"2023-03-16T15:44:37+00:00\",\"dateModified\":\"2023-09-06T18:47:52+00:00\",\"breadcrumb\":{\"@id\":\"https:\\\/\\\/cancorps.ca\\\/fr\\\/au-sujet-de-nous\\\/#breadcrumb\"},\"inLanguage\":\"fr-FR\",\"potentialAction\":[{\"@type\":\"ReadAction\",\"target\":[\"https:\\\/\\\/cancorps.ca\\\/fr\\\/au-sujet-de-nous\\\/\"]}]},{\"@type\":\"ImageObject\",\"inLanguage\":\"fr-FR\",\"@id\":\"https:\\\/\\\/cancorps.ca\\\/fr\\\/au-sujet-de-nous\\\/#primaryimage\",\"url\":\"https:\\\/\\\/cancorps.ca\\\/wp-content\\\/uploads\\\/2022\\\/06\\\/EON0909.jpg\",\"contentUrl\":\"https:\\\/\\\/cancorps.ca\\\/wp-content\\\/uploads\\\/2022\\\/06\\\/EON0909.jpg\",\"width\":2000,\"height\":1335},{\"@type\":\"BreadcrumbList\",\"@id\":\"https:\\\/\\\/cancorps.ca\\\/fr\\\/au-sujet-de-nous\\\/#breadcrumb\",\"itemListElement\":[{\"@type\":\"ListItem\",\"position\":1,\"name\":\"Home\",\"item\":\"https:\\\/\\\/cancorps.ca\\\/fr\\\/\"},{\"@type\":\"ListItem\",\"position\":2,\"name\":\"Au sujet de nous\"}]},{\"@type\":\"WebSite\",\"@id\":\"https:\\\/\\\/cancorps.ca\\\/fr\\\/#website\",\"url\":\"https:\\\/\\\/cancorps.ca\\\/fr\\\/\",\"name\":\"CanCORPS\",\"description\":\"\",\"publisher\":{\"@id\":\"https:\\\/\\\/cancorps.ca\\\/fr\\\/#organization\"},\"potentialAction\":[{\"@type\":\"SearchAction\",\"target\":{\"@type\":\"EntryPoint\",\"urlTemplate\":\"https:\\\/\\\/cancorps.ca\\\/fr\\\/?s={search_term_string}\"},\"query-input\":{\"@type\":\"PropertyValueSpecification\",\"valueRequired\":true,\"valueName\":\"search_term_string\"}}],\"inLanguage\":\"fr-FR\"},{\"@type\":\"Organization\",\"@id\":\"https:\\\/\\\/cancorps.ca\\\/fr\\\/#organization\",\"name\":\"CanCORPS\",\"url\":\"https:\\\/\\\/cancorps.ca\\\/fr\\\/\",\"logo\":{\"@type\":\"ImageObject\",\"inLanguage\":\"fr-FR\",\"@id\":\"https:\\\/\\\/cancorps.ca\\\/fr\\\/#\\\/schema\\\/logo\\\/image\\\/\",\"url\":\"https:\\\/\\\/cancorps.ca\\\/wp-content\\\/uploads\\\/2022\\\/04\\\/logo-cancorps.png\",\"contentUrl\":\"https:\\\/\\\/cancorps.ca\\\/wp-content\\\/uploads\\\/2022\\\/04\\\/logo-cancorps.png\",\"width\":500,\"height\":521,\"caption\":\"CanCORPS\"},\"image\":{\"@id\":\"https:\\\/\\\/cancorps.ca\\\/fr\\\/#\\\/schema\\\/logo\\\/image\\\/\"}}]}<\/script>\n<!-- \/ Yoast SEO plugin. -->","yoast_head_json":{"title":"Au sujet de nous - CanCORPS","robots":{"index":"index","follow":"follow","max-snippet":"max-snippet:-1","max-image-preview":"max-image-preview:large","max-video-preview":"max-video-preview:-1"},"canonical":"https:\/\/cancorps.ca\/fr\/au-sujet-de-nous\/","og_locale":"fr_FR","og_type":"article","og_title":"Au sujet de nous - CanCORPS","og_description":"Pourquoi nous choisir innovation\u00a0constante","og_url":"https:\/\/cancorps.ca\/fr\/au-sujet-de-nous\/","og_site_name":"CanCORPS","article_modified_time":"2023-09-06T18:47:52+00:00","og_image":[{"width":2000,"height":1335,"url":"https:\/\/cancorps.ca\/wp-content\/uploads\/2022\/06\/EON0909.jpg","type":"image\/jpeg"}],"twitter_card":"summary_large_image","twitter_misc":{"Dur\u00e9e de lecture estim\u00e9e":"1 minute"},"schema":{"@context":"https:\/\/schema.org","@graph":[{"@type":"WebPage","@id":"https:\/\/cancorps.ca\/fr\/au-sujet-de-nous\/","url":"https:\/\/cancorps.ca\/fr\/au-sujet-de-nous\/","name":"Au sujet de nous - CanCORPS","isPartOf":{"@id":"https:\/\/cancorps.ca\/fr\/#website"},"primaryImageOfPage":{"@id":"https:\/\/cancorps.ca\/fr\/au-sujet-de-nous\/#primaryimage"},"image":{"@id":"https:\/\/cancorps.ca\/fr\/au-sujet-de-nous\/#primaryimage"},"thumbnailUrl":"https:\/\/cancorps.ca\/wp-content\/uploads\/2022\/06\/EON0909.jpg","datePublished":"2023-03-16T15:44:37+00:00","dateModified":"2023-09-06T18:47:52+00:00","breadcrumb":{"@id":"https:\/\/cancorps.ca\/fr\/au-sujet-de-nous\/#breadcrumb"},"inLanguage":"fr-FR","potentialAction":[{"@type":"ReadAction","target":["https:\/\/cancorps.ca\/fr\/au-sujet-de-nous\/"]}]},{"@type":"ImageObject","inLanguage":"fr-FR","@id":"https:\/\/cancorps.ca\/fr\/au-sujet-de-nous\/#primaryimage","url":"https:\/\/cancorps.ca\/wp-content\/uploads\/2022\/06\/EON0909.jpg","contentUrl":"https:\/\/cancorps.ca\/wp-content\/uploads\/2022\/06\/EON0909.jpg","width":2000,"height":1335},{"@type":"BreadcrumbList","@id":"https:\/\/cancorps.ca\/fr\/au-sujet-de-nous\/#breadcrumb","itemListElement":[{"@type":"ListItem","position":1,"name":"Home","item":"https:\/\/cancorps.ca\/fr\/"},{"@type":"ListItem","position":2,"name":"Au sujet de nous"}]},{"@type":"WebSite","@id":"https:\/\/cancorps.ca\/fr\/#website","url":"https:\/\/cancorps.ca\/fr\/","name":"CanCORPS","description":"","publisher":{"@id":"https:\/\/cancorps.ca\/fr\/#organization"},"potentialAction":[{"@type":"SearchAction","target":{"@type":"EntryPoint","urlTemplate":"https:\/\/cancorps.ca\/fr\/?s={search_term_string}"},"query-input":{"@type":"PropertyValueSpecification","valueRequired":true,"valueName":"search_term_string"}}],"inLanguage":"fr-FR"},{"@type":"Organization","@id":"https:\/\/cancorps.ca\/fr\/#organization","name":"CanCORPS","url":"https:\/\/cancorps.ca\/fr\/","logo":{"@type":"ImageObject","inLanguage":"fr-FR","@id":"https:\/\/cancorps.ca\/fr\/#\/schema\/logo\/image\/","url":"https:\/\/cancorps.ca\/wp-content\/uploads\/2022\/04\/logo-cancorps.png","contentUrl":"https:\/\/cancorps.ca\/wp-content\/uploads\/2022\/04\/logo-cancorps.png","width":500,"height":521,"caption":"CanCORPS"},"image":{"@id":"https:\/\/cancorps.ca\/fr\/#\/schema\/logo\/image\/"}}]}},"_links":{"self":[{"href":"https:\/\/cancorps.ca\/fr\/wp-json\/wp\/v2\/pages\/1985","targetHints":{"allow":["GET"]}}],"collection":[{"href":"https:\/\/cancorps.ca\/fr\/wp-json\/wp\/v2\/pages"}],"about":[{"href":"https:\/\/cancorps.ca\/fr\/wp-json\/wp\/v2\/types\/page"}],"author":[{"embeddable":true,"href":"https:\/\/cancorps.ca\/fr\/wp-json\/wp\/v2\/users\/1"}],"replies":[{"embeddable":true,"href":"https:\/\/cancorps.ca\/fr\/wp-json\/wp\/v2\/comments?post=1985"}],"version-history":[{"count":8,"href":"https:\/\/cancorps.ca\/fr\/wp-json\/wp\/v2\/pages\/1985\/revisions"}],"predecessor-version":[{"id":2137,"href":"https:\/\/cancorps.ca\/fr\/wp-json\/wp\/v2\/pages\/1985\/revisions\/2137"}],"wp:featuredmedia":[{"embeddable":true,"href":"https:\/\/cancorps.ca\/fr\/wp-json\/wp\/v2\/media\/1893"}],"wp:attachment":[{"href":"https:\/\/cancorps.ca\/fr\/wp-json\/wp\/v2\/media?parent=1985"}],"curies":[{"name":"wp","href":"https:\/\/api.w.org\/{rel}","templated":true}]}}