{"id":1990,"date":"2023-03-16T16:00:16","date_gmt":"2023-03-16T16:00:16","guid":{"rendered":"https:\/\/cancorps.ca\/accueil\/"},"modified":"2024-03-09T18:12:22","modified_gmt":"2024-03-09T18:12:22","slug":"accueil","status":"publish","type":"page","link":"https:\/\/cancorps.ca\/fr\/","title":{"rendered":"Accueil"},"content":{"rendered":"<div class=\"gb-container gb-container-097d555a\"><div class=\"gb-inside-container\">\n<div class=\"gb-grid-wrapper gb-grid-wrapper-a83ea675\">\n<div class=\"gb-grid-column gb-grid-column-741fdfc0\"><div class=\"gb-container gb-container-741fdfc0 hide\"><div class=\"gb-inside-container\"><\/div><\/div><\/div>\n\n<div class=\"gb-grid-column gb-grid-column-190007bf\"><div class=\"gb-container gb-container-190007bf\"><div class=\"gb-inside-container\">\n\n<h1 class=\"gb-headline gb-headline-92594c1a gb-headline-text\">Un avenir meilleur commence <mark class=\"gb-highlight\">ici<\/mark>.<\/h1>\n\n\n\n<p class=\"gb-headline gb-headline-6e4aeaf8 gb-headline-text\">Le consortium canadien pour la recherche en chirurgie p\u00e9diatrique, est un consortium dont l\u2019objectif est d\u2019am\u00e9liorer les soins chirurgicaux p\u00e9diatriques gr\u00e2ce \u00e0 la recherche collaborative de haute qualit\u00e9.<\/p>\n\n\n<div class=\"gb-button-wrapper gb-button-wrapper-aeaa52ba\">\n\n<a class=\"gb-button gb-button-a8a4badd\" href=\"https:\/\/cancorps.ca\/fr\/au-sujet-de-nous\/\"><span class=\"gb-button-text\">A propos de nous<\/span><\/a>\n\n<\/div>\n<\/div><\/div><\/div>\n<\/div>\n<\/div><\/div><div class=\"gb-container gb-container-2dd674d5\"><div class=\"gb-inside-container\">\n<div class=\"gb-grid-wrapper gb-grid-wrapper-09fe3933\">\n<div class=\"gb-grid-column gb-grid-column-91435a0e\"><div class=\"gb-container gb-container-91435a0e\"><div class=\"gb-inside-container\">\n\n<h4 class=\"gb-headline gb-headline-560623bb gb-headline-text\">Collaboration<\/h4>\n\n\n\n<figure class=\"wp-block-image size-full image-shadow img\"><img loading=\"lazy\" decoding=\"async\" width=\"706\" height=\"508\" src=\"http:\/\/cancorps.ca\/wp-content\/uploads\/2022\/07\/collaboration.png\" alt=\"\" class=\"wp-image-1616\" srcset=\"https:\/\/cancorps.ca\/wp-content\/uploads\/2022\/07\/collaboration.png 706w, https:\/\/cancorps.ca\/wp-content\/uploads\/2022\/07\/collaboration-300x216.png 300w\" sizes=\"auto, (max-width: 706px) 100vw, 706px\" \/><\/figure>\n\n\n\n<p class=\"gb-headline gb-headline-697cbf58 gb-headline-text\"><span class=\"Y2IQFc\" lang=\"fr\">Nous fournissons une plate-forme pour mener des recherches collaboratives et multi-institutionnelles pour les patients.<\/span><\/p>\n\n<\/div><\/div><\/div>\n\n<div class=\"gb-grid-column gb-grid-column-e769288b\"><div class=\"gb-container gb-container-e769288b\"><div class=\"gb-inside-container\">\n\n<h4 class=\"gb-headline gb-headline-5e5b9a2a gb-headline-text\">Recherche de qualit\u00e9<\/h4>\n\n\n\n<figure class=\"wp-block-image size-full image-shadow img\"><img loading=\"lazy\" decoding=\"async\" width=\"707\" height=\"508\" src=\"http:\/\/cancorps.ca\/wp-content\/uploads\/2022\/07\/quality-research.png\" alt=\"\" class=\"wp-image-1617\" srcset=\"https:\/\/cancorps.ca\/wp-content\/uploads\/2022\/07\/quality-research.png 707w, https:\/\/cancorps.ca\/wp-content\/uploads\/2022\/07\/quality-research-300x216.png 300w\" sizes=\"auto, (max-width: 707px) 100vw, 707px\" \/><\/figure>\n\n\n\n<p class=\"gb-headline gb-headline-6a111aa3 gb-headline-text\">Nous maintenons le plus haut degr\u00e9 de qualit\u00e9 dans la conduite de nos recherches.<\/p>\n\n<\/div><\/div><\/div>\n\n<div class=\"gb-grid-column gb-grid-column-f5bb5565\"><div class=\"gb-container gb-container-f5bb5565\"><div class=\"gb-inside-container\">\n\n<h4 class=\"gb-headline gb-headline-830d764e gb-headline-text\">Normes \u00e9thiques<\/h4>\n\n\n\n<figure class=\"wp-block-image size-full image-shadow img\"><img loading=\"lazy\" decoding=\"async\" width=\"707\" height=\"508\" src=\"http:\/\/cancorps.ca\/wp-content\/uploads\/2022\/07\/ethical-standards.png\" alt=\"\" class=\"wp-image-1618\" srcset=\"https:\/\/cancorps.ca\/wp-content\/uploads\/2022\/07\/ethical-standards.png 707w, https:\/\/cancorps.ca\/wp-content\/uploads\/2022\/07\/ethical-standards-300x216.png 300w\" sizes=\"auto, (max-width: 707px) 100vw, 707px\" \/><\/figure>\n\n\n\n<p id=\"tw-target-text\" class=\"tw-data-text tw-text-large tw-ta\" dir=\"ltr\" data-placeholder=\"Translation\"><span class=\"Y2IQFc\" lang=\"fr\">Nous veillons \u00e0 ce que tous les processus suivent les meilleures m\u00e9thodes de recherche et normes \u00e9thiques.<\/span><\/p>\n\n<\/div><\/div><\/div>\n<\/div>\n<\/div><\/div><div class=\"gb-container gb-container-2d9385ea\"><div class=\"gb-inside-container\">\n<div class=\"gb-grid-wrapper gb-grid-wrapper-c56ba6ae\">\n<div class=\"gb-grid-column gb-grid-column-f83ace5d\"><div class=\"gb-container gb-container-f83ace5d\"><div class=\"gb-inside-container\"><\/div><\/div><\/div>\n\n<div class=\"gb-grid-column gb-grid-column-9e86eeed\"><div class=\"gb-container gb-container-9e86eeed\"><div class=\"gb-inside-container\"><\/div><\/div><\/div>\n\n<div class=\"gb-grid-column gb-grid-column-5edcdb2b\"><div class=\"gb-container gb-container-5edcdb2b\"><div class=\"gb-inside-container\">\n<div class=\"gb-grid-wrapper gb-grid-wrapper-cb3ef5bf\">\n<div class=\"gb-grid-column gb-grid-column-dfc5b410\"><div class=\"gb-container gb-container-dfc5b410\"><div class=\"gb-inside-container\">\n\n<h6 class=\"gb-headline gb-headline-7fdc32dc gb-headline-text heading-icon-reversed\">Notre Mission<\/h6>\n\n<\/div><\/div><\/div>\n\n<div class=\"gb-grid-column gb-grid-column-d3f4f83f\"><div class=\"gb-container gb-container-d3f4f83f\"><div class=\"gb-inside-container\"><\/div><\/div><\/div>\n<\/div>\n\n\n<h2 id=\"tw-target-text\" class=\"tw-data-text tw-text-large tw-ta\" dir=\"ltr\" data-placeholder=\"Translation\"><span class=\"Y2IQFc\" lang=\"fr\">Nous allons plus loin ensemble<\/span><\/h2>\n\n\n\n<p class=\"gb-headline gb-headline-35f558b1 gb-headline-text\">La mission de CanCORPS est d&rsquo;am\u00e9liorer les soins chirurgicaux p\u00e9diatriques gr\u00e2ce \u00e0 une recherche collaborative de haute qualit\u00e9.<\/p>\n\n<\/div><\/div><\/div>\n<\/div>\n\n<div class=\"gb-grid-wrapper gb-grid-wrapper-bf3a5cb5\">\n<div class=\"gb-grid-column gb-grid-column-d3bf3d73\"><div class=\"gb-container gb-container-d3bf3d73\"><div class=\"gb-inside-container\">\n\n<h4>\u00ab\u00a0<strong><span class=\"Y2IQFc\" lang=\"fr\">Si tu veux aller vite, vas-y seul, si tu veux aller loin, vas-y ensemble.<\/span><\/strong>\u00ab\u00a0<\/h4>\n\n\n\n<p class=\"gb-headline gb-headline-3637c095 gb-headline-text\">Proverbe Africain<\/p>\n\n<\/div><\/div><\/div>\n\n<div class=\"gb-grid-column gb-grid-column-592511ee\"><div class=\"gb-container gb-container-592511ee\"><div class=\"gb-inside-container\">\n\n<h5 class=\"gb-headline gb-headline-f9991f11\"><span class=\"gb-headline-text\">Nous sommes <mark class=\"gb-highlight\">D\u00e9di\u00e9s<\/mark> au succ\u00e8s<\/span><\/h5>\n\n<\/div><\/div><\/div>\n\n<div class=\"gb-grid-column gb-grid-column-5eee331c\"><div class=\"gb-container gb-container-5eee331c\"><div class=\"gb-inside-container\">\n\n<h6 class=\"gb-headline gb-headline-062601e2\">Fournir une plate-forme<\/h6>\n\n\n\n<h6 class=\"gb-headline gb-headline-047715f6\">Rationaliser les protocoles<\/h6>\n\n\n\n<h6 id=\"tw-target-text\" class=\"tw-data-text tw-text-large tw-ta\" dir=\"ltr\" data-placeholder=\"Translation\"><span class=\"Y2IQFc\" lang=\"fr\">Maintenir l&rsquo;int\u00e9grit\u00e9<\/span><\/h6>\n\n\n\n<h6 id=\"tw-target-text\" class=\"tw-data-text tw-text-large tw-ta\" dir=\"ltr\" data-placeholder=\"Translation\"><span class=\"Y2IQFc\" lang=\"fr\">Diffuser les connaissances<\/span><\/h6>\n\n<\/div><\/div><\/div>\n<\/div>\n<\/div><\/div><div class=\"gb-container gb-container-9c323e47\"><div class=\"gb-inside-container\">\n\n<h5 class=\"gb-headline gb-headline-84d7d5eb gb-headline-text\">Nos membres<\/h5>\n\n\n\n<h2 class=\"gb-headline gb-headline-7999f772 gb-headline-text\">Membres partout au Canada<\/h2>\n\n\n\n<h2 class=\"gb-headline gb-headline-8779dfe4\"><\/h2>\n\n\n<div class='white' style='background:rgb(255, 255, 255); border:solid 0px rgb(255, 255, 255); border-radius:5px; padding:8px 8px 8px 8px;'>\n<div id='sample_slider' class='owl-carousel sa_owl_theme owl-pagination-true autohide-arrows' data-slider-id='sample_slider' style='visibility:hidden;'>\n<div id='sample_slider_slide08' class='sa_hover_container' style='padding:5% 5%; margin:0px 0%; background-color:rgb(255, 255, 255); '><div style=\"text-align: center;padding-bottom: 10px\">\r\n<div><img loading=\"lazy\" decoding=\"async\" class=\"alignnone size-full wp-image-1654\" src=\"https:\/\/cancorps.ca\/wp-content\/uploads\/2022\/09\/profile-ioana-bratu.png\" alt=\"\" width=\"260\" height=\"261\" \/><\/div>\r\n<p class=\"member-name\">Ioana Bratu<\/p>\r\n<p class=\"member-role\">Pediatric General Surgeon<\/p>\r\n<\/div><\/div>\n<div id='sample_slider_slide11' class='sa_hover_container' style='padding:5% 5%; margin:0px 0%; background-color:rgb(255, 255, 255); '><div style=\"text-align: center;padding-bottom: 10px\">\r\n<div><img loading=\"lazy\" decoding=\"async\" class=\"alignnone size-full wp-image-1663\" src=\"https:\/\/cancorps.ca\/wp-content\/uploads\/2022\/09\/profile-pascale-prasile.png\" alt=\"\" width=\"261\" height=\"260\" \/><\/div>\r\n<p class=\"member-name\">Pascale Prasil<\/p>\r\n<p class=\"member-role\">Clinical Teacher, University Laval<\/p>\r\n<\/div><\/div>\n<div id='sample_slider_slide09' class='sa_hover_container' style='padding:5% 5%; margin:0px 0%; background-color:rgb(255, 255, 255); '><div style=\"text-align: center;padding-bottom: 10px\">\r\n<div><img loading=\"lazy\" decoding=\"async\" class=\"alignnone size-full wp-image-1664\" src=\"https:\/\/cancorps.ca\/wp-content\/uploads\/2022\/09\/profile-nelson-piche.png\" alt=\"\" width=\"261\" height=\"261\" \/><\/div>\r\n<p class=\"member-name\">Nelson Pich\u00e9<\/p>\r\n<p class=\"member-role\">Pediatric Surgeon<\/p>\r\n<\/div><\/div>\n<div id='sample_slider_slide07' class='sa_hover_container' style='padding:5% 5%; margin:0px 0%; background-color:rgb(255, 255, 255); '><div style=\"text-align: center;padding-bottom: 10px\">\r\n<div><img loading=\"lazy\" decoding=\"async\" class=\"alignnone size-full wp-image-1661\" src=\"https:\/\/cancorps.ca\/wp-content\/uploads\/2022\/09\/profile-melanie-morris.png\" alt=\"\" width=\"261\" height=\"261\" \/><\/div>\r\n<p class=\"member-name\">Melanie Morris<\/p>\r\n<p class=\"member-role\">Associate Professor<\/p>\r\n<\/div><\/div>\n<div id='sample_slider_slide04' class='sa_hover_container' style='padding:5% 5%; margin:0px 0%; background-color:rgb(255, 255, 255); '><div style=\"text-align: center;padding-bottom: 10px\">\r\n<div><img loading=\"lazy\" decoding=\"async\" class=\"alignnone size-full wp-image-1666\" src=\"https:\/\/cancorps.ca\/wp-content\/uploads\/2022\/09\/profile-ahmed-nasr.png\" alt=\"\" width=\"261\" height=\"261\" \/><\/div>\r\n<p class=\"member-name\">Dr. Ahmed Nasr<\/p>\r\n<p class=\"member-role\">Chief Of The Division Of Pediatric Surgery<\/p>\r\n<\/div><\/div>\n<div id='sample_slider_slide01' class='sa_hover_container' style='padding:5% 5%; margin:0px 0%; background-color:rgb(255, 255, 255); '><div style=\"text-align: center;padding-bottom: 10px\">\r\n<div><img loading=\"lazy\" decoding=\"async\" class=\"alignnone size-full wp-image-1651\" src=\"https:\/\/cancorps.ca\/wp-content\/uploads\/2022\/09\/profile-sherif-emil.png\" alt=\"\" width=\"260\" height=\"260\" \/><\/div>\r\n<p class=\"member-name\">Sherif Emil, MD, CM<\/p>\r\n<p class=\"member-role\">Investigator, RI-MUHC , Glen Site<\/p>\r\n<\/div><\/div>\n<div id='sample_slider_slide02' class='sa_hover_container' style='padding:5% 5%; margin:0px 0%; background-color:rgb(255, 255, 255); '><div style=\"text-align: center;padding-bottom: 10px\">\r\n<div><img loading=\"lazy\" decoding=\"async\" class=\"alignnone size-full wp-image-1655\" src=\"https:\/\/cancorps.ca\/wp-content\/uploads\/2022\/09\/profile-pramod-puligandla.png\" alt=\"\" width=\"260\" height=\"260\" \/><\/div>\r\n<p class=\"member-name\">Pramod Puligandla, MD, M.Sc.<\/p>\r\n<p class=\"member-role\">Associate Investigator, RI-MUHC , Glen Site<\/p>\r\n<\/div><\/div>\n<div id='sample_slider_slide03' class='sa_hover_container' style='padding:5% 5%; margin:0px 0%; background-color:rgb(255, 255, 255); '><div style=\"text-align: center;padding-bottom: 10px\">\r\n<div><img loading=\"lazy\" decoding=\"async\" class=\"alignnone size-full wp-image-1657\" src=\"https:\/\/cancorps.ca\/wp-content\/uploads\/2022\/09\/profile-natashia-seemann.png\" alt=\"\" width=\"260\" height=\"261\" \/><\/div>\r\n<p class=\"member-name\">Dr. Natashia Seemann<\/p>\r\n<p class=\"member-role\">Associate Director Children\u2019s Hospital<\/p>\r\n<\/div><\/div>\n<div id='sample_slider_slide10' class='sa_hover_container' style='padding:5% 5%; margin:0px 0%; background-color:rgb(255, 255, 255); '><div style=\"text-align: center;padding-bottom: 10px\">\r\n<div><img loading=\"lazy\" decoding=\"async\" class=\"alignnone size-full wp-image-1656\" src=\"https:\/\/cancorps.ca\/wp-content\/uploads\/2022\/09\/profile-amanda-hall.png\" alt=\"\" width=\"260\" height=\"261\" \/><\/div>\r\n<p class=\"member-name\">Amanda Hall<\/p>\r\n<p class=\"member-role\">Assistant Professor Department Of Surgery<\/p>\r\n<\/div><\/div>\n<div id='sample_slider_slide05' class='sa_hover_container' style='padding:5% 5%; margin:0px 0%; background-color:rgb(255, 255, 255); '><div style=\"text-align: center;padding-bottom: 10px\">\r\n<div><img loading=\"lazy\" decoding=\"async\" class=\"alignnone size-full wp-image-1658\" src=\"https:\/\/cancorps.ca\/wp-content\/uploads\/2022\/09\/profile-natalie-yanchar.png\" alt=\"\" width=\"260\" height=\"261\" \/><\/div>\r\n<p class=\"member-name\">Natalie L. Yanchar, MD, MSc, FRCS(C)<\/p>\r\n<p class=\"member-role\">Clinical Professor In Surgery, University Of Calgary<\/p>\r\n<\/div><\/div>\n<div id='sample_slider_slide12' class='sa_hover_container' style='padding:5% 5%; margin:0px 0%; background-color:rgb(255, 255, 255); '><div style=\"text-align: center;padding-bottom: 10px\">\r\n<div><img loading=\"lazy\" decoding=\"async\" class=\"alignnone size-full wp-image-1659\" src=\"https:\/\/cancorps.ca\/wp-content\/uploads\/2022\/09\/profile-robert-baird.png\" alt=\"\" width=\"261\" height=\"260\" \/><\/div>\r\n<p class=\"member-name\">Robert Baird<\/p>\r\n<p class=\"member-role\">Clinical Associate Professor<\/p>\r\n<\/div><\/div>\n<div id='sample_slider_slide06' class='sa_hover_container' style='padding:5% 5%; margin:0px 0%; background-color:rgb(255, 255, 255); '><div style=\"text-align: center;padding-bottom: 10px\">\r\n<div><img loading=\"lazy\" decoding=\"async\" class=\"alignnone size-full wp-image-1665\" src=\"https:\/\/cancorps.ca\/wp-content\/uploads\/2022\/09\/profile-andreana-butter.png\" alt=\"\" width=\"261\" height=\"261\" \/><\/div>\r\n<p class=\"member-name\">Andreana Butter<\/p>\r\n<p class=\"member-role\">Chair\/Chief, Division Of Pediatric Surgery<\/p>\r\n<\/div><\/div>\n<\/div>\n<\/div>\n<script type='text\/javascript'>\n\tjQuery(document).ready(function() {\n\t\tjQuery('#sample_slider').owlCarousel({\n\t\t\tresponsive:{\n\t\t\t\t0:{ items:1 },\n\t\t\t\t480:{ items:2 },\n\t\t\t\t768:{ items:3 },\n\t\t\t\t980:{ items:4 },\n\t\t\t\t1200:{ items:4 },\n\t\t\t\t1500:{ items:4 }\n\t\t\t},\n\t\t\tautoplay : true,\n\t\t\tautoplayTimeout : 4000,\n\t\t\tautoplayHoverPause : true,\n\t\t\tsmartSpeed : 300,\n\t\t\tfluidSpeed : 300,\n\t\t\tautoplaySpeed : 300,\n\t\t\tnavSpeed : 300,\n\t\t\tdotsSpeed : 300,\n\t\t\tloop : true,\n\t\t\tnav : true,\n\t\t\tnavText : ['Previous','Next'],\n\t\t\tdots : true,\n\t\t\tresponsiveRefreshRate : 200,\n\t\t\tslideBy : 1,\n\t\t\tmergeFit : true,\n\t\t\tautoHeight : false,\n\t\t\tmouseDrag : true,\n\t\t\ttouchDrag : true\n\t\t});\n\t\tjQuery('#sample_slider').css('visibility', 'visible');\n\t\tsa_resize_sample_slider();\n\t\twindow.addEventListener('resize', sa_resize_sample_slider);\n\t\tfunction sa_resize_sample_slider() {\n\t\t\tvar min_height = '50';\n\t\t\tvar win_width = jQuery(window).width();\n\t\t\tvar slider_width = jQuery('#sample_slider').width();\n\t\t\tif (win_width < 480) {\n\t\t\t\tvar slide_width = slider_width \/ 1;\n\t\t\t} else if (win_width < 768) {\n\t\t\t\tvar slide_width = slider_width \/ 2;\n\t\t\t} else if (win_width < 980) {\n\t\t\t\tvar slide_width = slider_width \/ 3;\n\t\t\t} else if (win_width < 1200) {\n\t\t\t\tvar slide_width = slider_width \/ 4;\n\t\t\t} else if (win_width < 1500) {\n\t\t\t\tvar slide_width = slider_width \/ 4;\n\t\t\t} else {\n\t\t\t\tvar slide_width = slider_width \/ 4;\n\t\t\t}\n\t\t\tslide_width = Math.round(slide_width);\n\t\t\tvar slide_height = '0';\n\t\t\tif (min_height == 'aspect43') {\n\t\t\t\tslide_height = (slide_width \/ 4) * 3;\t\t\t\tslide_height = Math.round(slide_height);\n\t\t\t} else if (min_height == 'aspect169') {\n\t\t\t\tslide_height = (slide_width \/ 16) * 9;\t\t\t\tslide_height = Math.round(slide_height);\n\t\t\t} else {\n\t\t\t\tslide_height = (slide_width \/ 100) * min_height;\t\t\t\tslide_height = Math.round(slide_height);\n\t\t\t}\n\t\t\tjQuery('#sample_slider .owl-item .sa_hover_container').css('min-height', slide_height+'px');\n\t\t}\n\t\tvar owl_goto = jQuery('#sample_slider');\n\t\tjQuery('.sample_slider_goto1').click(function(event){\n\t\t\towl_goto.trigger('to.owl.carousel', 0);\n\t\t});\n\t\tjQuery('.sample_slider_goto2').click(function(event){\n\t\t\towl_goto.trigger('to.owl.carousel', 1);\n\t\t});\n\t\tjQuery('.sample_slider_goto3').click(function(event){\n\t\t\towl_goto.trigger('to.owl.carousel', 2);\n\t\t});\n\t\tjQuery('.sample_slider_goto4').click(function(event){\n\t\t\towl_goto.trigger('to.owl.carousel', 3);\n\t\t});\n\t\tjQuery('.sample_slider_goto5').click(function(event){\n\t\t\towl_goto.trigger('to.owl.carousel', 4);\n\t\t});\n\t\tjQuery('.sample_slider_goto6').click(function(event){\n\t\t\towl_goto.trigger('to.owl.carousel', 5);\n\t\t});\n\t\tjQuery('.sample_slider_goto7').click(function(event){\n\t\t\towl_goto.trigger('to.owl.carousel', 6);\n\t\t});\n\t\tjQuery('.sample_slider_goto8').click(function(event){\n\t\t\towl_goto.trigger('to.owl.carousel', 7);\n\t\t});\n\t\tjQuery('.sample_slider_goto9').click(function(event){\n\t\t\towl_goto.trigger('to.owl.carousel', 8);\n\t\t});\n\t\tjQuery('.sample_slider_goto10').click(function(event){\n\t\t\towl_goto.trigger('to.owl.carousel', 9);\n\t\t});\n\t\tjQuery('.sample_slider_goto11').click(function(event){\n\t\t\towl_goto.trigger('to.owl.carousel', 10);\n\t\t});\n\t\tjQuery('.sample_slider_goto12').click(function(event){\n\t\t\towl_goto.trigger('to.owl.carousel', 11);\n\t\t});\n\t\tvar resize_2222 = jQuery('.owl-carousel');\n\t\tresize_2222.on('initialized.owl.carousel', function(e) {\n\t\t\tif (typeof(Event) === 'function') {\n\t\t\t\twindow.dispatchEvent(new Event('resize'));\n\t\t\t} else {\n\t\t\t\tvar evt = window.document.createEvent('UIEvents');\n\t\t\t\tevt.initUIEvent('resize', true, false, window, 0);\n\t\t\t\twindow.dispatchEvent(evt);\n\t\t\t}\n\t\t});\n\t});\n<\/script>\n\n\n\n\n\n\n<div class=\"wp-block-query is-layout-flow wp-block-query-is-layout-flow\"><\/div>\n\n<\/div><\/div>","protected":false},"excerpt":{"rendered":"<p>Nos membres Membres partout au Canada<\/p>\n","protected":false},"author":2,"featured_media":0,"parent":0,"menu_order":0,"comment_status":"closed","ping_status":"closed","template":"","meta":{"footnotes":""},"class_list":["post-1990","page","type-page","status-publish"],"yoast_head":"<!-- This site is optimized with the Yoast SEO plugin v27.5 - https:\/\/yoast.com\/product\/yoast-seo-wordpress\/ -->\n<title>Accueil - CanCORPS<\/title>\n<meta name=\"robots\" content=\"index, follow, max-snippet:-1, max-image-preview:large, max-video-preview:-1\" \/>\n<link rel=\"canonical\" href=\"https:\/\/cancorps.ca\/fr\/\" \/>\n<meta property=\"og:locale\" content=\"fr_FR\" \/>\n<meta property=\"og:type\" content=\"article\" \/>\n<meta property=\"og:title\" content=\"Accueil - CanCORPS\" \/>\n<meta property=\"og:description\" content=\"Nos membres Membres partout au Canada\" \/>\n<meta property=\"og:url\" content=\"https:\/\/cancorps.ca\/fr\/\" \/>\n<meta property=\"og:site_name\" content=\"CanCORPS\" \/>\n<meta property=\"article:modified_time\" content=\"2024-03-09T18:12:22+00:00\" \/>\n<meta property=\"og:image\" content=\"http:\/\/cancorps.ca\/wp-content\/uploads\/2022\/07\/collaboration.png\" \/>\n<meta name=\"twitter:card\" content=\"summary_large_image\" \/>\n<meta name=\"twitter:label1\" content=\"Dur\u00e9e de lecture estim\u00e9e\" \/>\n\t<meta name=\"twitter:data1\" content=\"1 minute\" \/>\n<script type=\"application\/ld+json\" class=\"yoast-schema-graph\">{\"@context\":\"https:\\\/\\\/schema.org\",\"@graph\":[{\"@type\":\"WebPage\",\"@id\":\"https:\\\/\\\/cancorps.ca\\\/fr\\\/\",\"url\":\"https:\\\/\\\/cancorps.ca\\\/fr\\\/\",\"name\":\"Accueil - CanCORPS\",\"isPartOf\":{\"@id\":\"https:\\\/\\\/cancorps.ca\\\/fr\\\/#website\"},\"primaryImageOfPage\":{\"@id\":\"https:\\\/\\\/cancorps.ca\\\/fr\\\/#primaryimage\"},\"image\":{\"@id\":\"https:\\\/\\\/cancorps.ca\\\/fr\\\/#primaryimage\"},\"thumbnailUrl\":\"http:\\\/\\\/cancorps.ca\\\/wp-content\\\/uploads\\\/2022\\\/07\\\/collaboration.png\",\"datePublished\":\"2023-03-16T16:00:16+00:00\",\"dateModified\":\"2024-03-09T18:12:22+00:00\",\"breadcrumb\":{\"@id\":\"https:\\\/\\\/cancorps.ca\\\/fr\\\/#breadcrumb\"},\"inLanguage\":\"fr-FR\",\"potentialAction\":[{\"@type\":\"ReadAction\",\"target\":[\"https:\\\/\\\/cancorps.ca\\\/fr\\\/\"]}]},{\"@type\":\"ImageObject\",\"inLanguage\":\"fr-FR\",\"@id\":\"https:\\\/\\\/cancorps.ca\\\/fr\\\/#primaryimage\",\"url\":\"http:\\\/\\\/cancorps.ca\\\/wp-content\\\/uploads\\\/2022\\\/07\\\/collaboration.png\",\"contentUrl\":\"http:\\\/\\\/cancorps.ca\\\/wp-content\\\/uploads\\\/2022\\\/07\\\/collaboration.png\"},{\"@type\":\"BreadcrumbList\",\"@id\":\"https:\\\/\\\/cancorps.ca\\\/fr\\\/#breadcrumb\",\"itemListElement\":[{\"@type\":\"ListItem\",\"position\":1,\"name\":\"Home\",\"item\":\"https:\\\/\\\/cancorps.ca\\\/fr\\\/\"},{\"@type\":\"ListItem\",\"position\":2,\"name\":\"Accueil\"}]},{\"@type\":\"WebSite\",\"@id\":\"https:\\\/\\\/cancorps.ca\\\/fr\\\/#website\",\"url\":\"https:\\\/\\\/cancorps.ca\\\/fr\\\/\",\"name\":\"CanCORPS\",\"description\":\"\",\"publisher\":{\"@id\":\"https:\\\/\\\/cancorps.ca\\\/fr\\\/#organization\"},\"potentialAction\":[{\"@type\":\"SearchAction\",\"target\":{\"@type\":\"EntryPoint\",\"urlTemplate\":\"https:\\\/\\\/cancorps.ca\\\/fr\\\/?s={search_term_string}\"},\"query-input\":{\"@type\":\"PropertyValueSpecification\",\"valueRequired\":true,\"valueName\":\"search_term_string\"}}],\"inLanguage\":\"fr-FR\"},{\"@type\":\"Organization\",\"@id\":\"https:\\\/\\\/cancorps.ca\\\/fr\\\/#organization\",\"name\":\"CanCORPS\",\"url\":\"https:\\\/\\\/cancorps.ca\\\/fr\\\/\",\"logo\":{\"@type\":\"ImageObject\",\"inLanguage\":\"fr-FR\",\"@id\":\"https:\\\/\\\/cancorps.ca\\\/fr\\\/#\\\/schema\\\/logo\\\/image\\\/\",\"url\":\"https:\\\/\\\/cancorps.ca\\\/wp-content\\\/uploads\\\/2022\\\/04\\\/logo-cancorps.png\",\"contentUrl\":\"https:\\\/\\\/cancorps.ca\\\/wp-content\\\/uploads\\\/2022\\\/04\\\/logo-cancorps.png\",\"width\":500,\"height\":521,\"caption\":\"CanCORPS\"},\"image\":{\"@id\":\"https:\\\/\\\/cancorps.ca\\\/fr\\\/#\\\/schema\\\/logo\\\/image\\\/\"}}]}<\/script>\n<!-- \/ Yoast SEO plugin. -->","yoast_head_json":{"title":"Accueil - CanCORPS","robots":{"index":"index","follow":"follow","max-snippet":"max-snippet:-1","max-image-preview":"max-image-preview:large","max-video-preview":"max-video-preview:-1"},"canonical":"https:\/\/cancorps.ca\/fr\/","og_locale":"fr_FR","og_type":"article","og_title":"Accueil - CanCORPS","og_description":"Nos membres Membres partout au Canada","og_url":"https:\/\/cancorps.ca\/fr\/","og_site_name":"CanCORPS","article_modified_time":"2024-03-09T18:12:22+00:00","og_image":[{"url":"http:\/\/cancorps.ca\/wp-content\/uploads\/2022\/07\/collaboration.png","type":"","width":"","height":""}],"twitter_card":"summary_large_image","twitter_misc":{"Dur\u00e9e de lecture estim\u00e9e":"1 minute"},"schema":{"@context":"https:\/\/schema.org","@graph":[{"@type":"WebPage","@id":"https:\/\/cancorps.ca\/fr\/","url":"https:\/\/cancorps.ca\/fr\/","name":"Accueil - CanCORPS","isPartOf":{"@id":"https:\/\/cancorps.ca\/fr\/#website"},"primaryImageOfPage":{"@id":"https:\/\/cancorps.ca\/fr\/#primaryimage"},"image":{"@id":"https:\/\/cancorps.ca\/fr\/#primaryimage"},"thumbnailUrl":"http:\/\/cancorps.ca\/wp-content\/uploads\/2022\/07\/collaboration.png","datePublished":"2023-03-16T16:00:16+00:00","dateModified":"2024-03-09T18:12:22+00:00","breadcrumb":{"@id":"https:\/\/cancorps.ca\/fr\/#breadcrumb"},"inLanguage":"fr-FR","potentialAction":[{"@type":"ReadAction","target":["https:\/\/cancorps.ca\/fr\/"]}]},{"@type":"ImageObject","inLanguage":"fr-FR","@id":"https:\/\/cancorps.ca\/fr\/#primaryimage","url":"http:\/\/cancorps.ca\/wp-content\/uploads\/2022\/07\/collaboration.png","contentUrl":"http:\/\/cancorps.ca\/wp-content\/uploads\/2022\/07\/collaboration.png"},{"@type":"BreadcrumbList","@id":"https:\/\/cancorps.ca\/fr\/#breadcrumb","itemListElement":[{"@type":"ListItem","position":1,"name":"Home","item":"https:\/\/cancorps.ca\/fr\/"},{"@type":"ListItem","position":2,"name":"Accueil"}]},{"@type":"WebSite","@id":"https:\/\/cancorps.ca\/fr\/#website","url":"https:\/\/cancorps.ca\/fr\/","name":"CanCORPS","description":"","publisher":{"@id":"https:\/\/cancorps.ca\/fr\/#organization"},"potentialAction":[{"@type":"SearchAction","target":{"@type":"EntryPoint","urlTemplate":"https:\/\/cancorps.ca\/fr\/?s={search_term_string}"},"query-input":{"@type":"PropertyValueSpecification","valueRequired":true,"valueName":"search_term_string"}}],"inLanguage":"fr-FR"},{"@type":"Organization","@id":"https:\/\/cancorps.ca\/fr\/#organization","name":"CanCORPS","url":"https:\/\/cancorps.ca\/fr\/","logo":{"@type":"ImageObject","inLanguage":"fr-FR","@id":"https:\/\/cancorps.ca\/fr\/#\/schema\/logo\/image\/","url":"https:\/\/cancorps.ca\/wp-content\/uploads\/2022\/04\/logo-cancorps.png","contentUrl":"https:\/\/cancorps.ca\/wp-content\/uploads\/2022\/04\/logo-cancorps.png","width":500,"height":521,"caption":"CanCORPS"},"image":{"@id":"https:\/\/cancorps.ca\/fr\/#\/schema\/logo\/image\/"}}]}},"_links":{"self":[{"href":"https:\/\/cancorps.ca\/fr\/wp-json\/wp\/v2\/pages\/1990","targetHints":{"allow":["GET"]}}],"collection":[{"href":"https:\/\/cancorps.ca\/fr\/wp-json\/wp\/v2\/pages"}],"about":[{"href":"https:\/\/cancorps.ca\/fr\/wp-json\/wp\/v2\/types\/page"}],"author":[{"embeddable":true,"href":"https:\/\/cancorps.ca\/fr\/wp-json\/wp\/v2\/users\/2"}],"replies":[{"embeddable":true,"href":"https:\/\/cancorps.ca\/fr\/wp-json\/wp\/v2\/comments?post=1990"}],"version-history":[{"count":9,"href":"https:\/\/cancorps.ca\/fr\/wp-json\/wp\/v2\/pages\/1990\/revisions"}],"predecessor-version":[{"id":2229,"href":"https:\/\/cancorps.ca\/fr\/wp-json\/wp\/v2\/pages\/1990\/revisions\/2229"}],"wp:attachment":[{"href":"https:\/\/cancorps.ca\/fr\/wp-json\/wp\/v2\/media?parent=1990"}],"curies":[{"name":"wp","href":"https:\/\/api.w.org\/{rel}","templated":true}]}}